{"id":7732,"date":"2020-12-18T15:50:51","date_gmt":"2020-12-18T14:50:51","guid":{"rendered":"https:\/\/www.terres-de-seine.fr\/decouvrir\/"},"modified":"2021-03-15T16:39:17","modified_gmt":"2021-03-15T15:39:17","slug":"decouvrir","status":"publish","type":"page","link":"https:\/\/www.terres-de-seine.fr\/en\/decouvrir\/","title":{"rendered":"D\u00e9couvrir"},"content":{"rendered":"<div class=\"wpb-content-wrapper\"><p>[vc_row][vc_column][vc_column_text]<\/p>\n<h1>Lorem ipsum dolor sit amet<\/h1>\n<h2>Lorem ipsum<\/h2>\n<h2 class=\"chapeau\">Lorem ipsum dolor sit amet, consectetuer adipiscing elit, sed diam nonummy nibh euismod tincidunt ut laoreet dolore magna aliquam erat volutpat. Ut wisi enim ad minim veniam, quis nostrud exerci tation ullamcorper suscipit lobortis nisl ut aliquip ex ea commodo consequat. Duis autem vel eum iriure dolor in hendrerit in vulputate velit esse molestie consequat, vel illum dolore eu feugiat nulla facilisis at vero<\/h2>\n<p>[\/vc_column_text][vc_row_inner][vc_column_inner width=&#8221;1\/4&#8243;][vc_btn title=&#8221;D\u00e9tour\u00e9 carr\u00e9 noir&#8221; style=&#8221;outline&#8221; shape=&#8221;square&#8221; color=&#8221;inverse&#8221; align=&#8221;center&#8221;][\/vc_column_inner][vc_column_inner width=&#8221;1\/4&#8243;][vc_btn title=&#8221;Plat carr\u00e9 bleu TDS&#8221; style=&#8221;flat&#8221; shape=&#8221;square&#8221; color=&#8221;bleutds&#8221; align=&#8221;center&#8221;][\/vc_column_inner][vc_column_inner width=&#8221;1\/4&#8243;][vc_btn title=&#8221;Plat carr\u00e9 Vert TDS&#8221; style=&#8221;flat&#8221; shape=&#8221;square&#8221; color=&#8221;verttds&#8221; align=&#8221;center&#8221; i_icon_fontawesome=&#8221;fas fa-wheelchair&#8221; add_icon=&#8221;true&#8221;][\/vc_column_inner][vc_column_inner width=&#8221;1\/4&#8243;][vc_btn title=&#8221;D\u00e9tour\u00e9 carr\u00e9 Vert TDS&#8221; style=&#8221;outline&#8221; shape=&#8221;square&#8221; color=&#8221;verttds&#8221; align=&#8221;center&#8221;][\/vc_column_inner][\/vc_row_inner][vc_empty_space]<div class=\"surImp\"><div class=\"bgsurimpblanc\">On vous inspire<\/div>On vous inspire<\/div>[vc_empty_space][vc_btn title=&#8221;En savoir plus&#8221; style=&#8221;outline&#8221; shape=&#8221;square&#8221; color=&#8221;inverse&#8221; size=&#8221;lg&#8221; align=&#8221;center&#8221;][\/vc_column][\/vc_row][vc_row css=&#8221;.vc_custom_1615818580192{background-color: #7bc4ac !important;}&#8221;][vc_column]<div class=\"surImp\"><div class=\"bgsurimpcouleur\">On vous inspire<\/div>On vous inspire<\/div>[\/vc_column][\/vc_row][vc_row][vc_column][vc_empty_space]\n                <div class=\"blocinfos\">\n                    <div class=\"titre1blocinfos\">Need informations ?<\/div>\n                    <div class=\"titre2blocinfos\">Tell our crew !<\/div>\n                    <a href=\"https:\/\/www.terres-de-seine.fr\/en\/nous-contacter\/\">Nous contacter<\/a>\n                    <div class=\"icone1blocinfos\"><img decoding=\"async\" src=\"\/wp-content\/themes\/yatatheme\/img\/picto\/velo.svg\"><\/div>\n                    <div class=\"icone2blocinfos\"><img decoding=\"async\" src=\"\/wp-content\/themes\/yatatheme\/img\/picto\/feuille.svg\"><\/div>\n                <\/div>\n                [vc_empty_space][\/vc_column][\/vc_row]<\/p>\n<\/div>","protected":false},"excerpt":{"rendered":"<p>[vc_row][vc_column][vc_column_text] Lorem ipsum dolor sit amet Lorem ipsum Lorem ipsum dolor sit amet, consectetuer adipiscing elit, sed diam nonummy nibh euismod tincidunt ut laoreet dolore magna aliquam erat volutpat. Ut wisi enim ad minim veniam, quis nostrud exerci tation ullamcorper suscipit lobortis nisl ut aliquip ex ea commodo consequat. Duis autem vel eum iriure dolor [&hellip;]<\/p>\n","protected":false},"author":1,"featured_media":0,"parent":0,"menu_order":2,"comment_status":"closed","ping_status":"closed","template":"","meta":{"_acf_changed":false,"footnotes":""},"motscles":[],"class_list":["post-7732","page","type-page","status-publish","hentry"],"acf":[],"_links":{"self":[{"href":"https:\/\/www.terres-de-seine.fr\/en\/wp-json\/wp\/v2\/pages\/7732","targetHints":{"allow":["GET"]}}],"collection":[{"href":"https:\/\/www.terres-de-seine.fr\/en\/wp-json\/wp\/v2\/pages"}],"about":[{"href":"https:\/\/www.terres-de-seine.fr\/en\/wp-json\/wp\/v2\/types\/page"}],"author":[{"embeddable":true,"href":"https:\/\/www.terres-de-seine.fr\/en\/wp-json\/wp\/v2\/users\/1"}],"replies":[{"embeddable":true,"href":"https:\/\/www.terres-de-seine.fr\/en\/wp-json\/wp\/v2\/comments?post=7732"}],"version-history":[{"count":2,"href":"https:\/\/www.terres-de-seine.fr\/en\/wp-json\/wp\/v2\/pages\/7732\/revisions"}],"predecessor-version":[{"id":7734,"href":"https:\/\/www.terres-de-seine.fr\/en\/wp-json\/wp\/v2\/pages\/7732\/revisions\/7734"}],"wp:attachment":[{"href":"https:\/\/www.terres-de-seine.fr\/en\/wp-json\/wp\/v2\/media?parent=7732"}],"wp:term":[{"taxonomy":"motscles","embeddable":true,"href":"https:\/\/www.terres-de-seine.fr\/en\/wp-json\/wp\/v2\/motscles?post=7732"}],"curies":[{"name":"wp","href":"https:\/\/api.w.org\/{rel}","templated":true}]}}